{"id":15,"date":"2025-08-04T21:51:29","date_gmt":"2025-08-04T18:51:29","guid":{"rendered":"http:\/\/83.143.220.118\/~keto\/?page_id=15"},"modified":"2025-10-31T14:15:52","modified_gmt":"2025-10-31T12:15:52","slug":"about","status":"publish","type":"page","link":"http:\/\/83.143.220.118\/~keto\/about\/","title":{"rendered":"About"},"content":{"rendered":"<section class=\"hero-video-section hero-section position-relative white\">\n\t<div class=\"blur-area-vertical blur-top\"><\/div>\n\t<div class=\"blur-area-vertical blur-bottom\"><\/div>\n\n\t<div class=\"hero-media-clip\"> \n\n\t\t<div class=\"tint tint__20\"><\/div>\n\t\n\t\t  <picture class=\"hero-picture hero-media\">\n    \n    <source\n      media=\"(min-width: 1024px)\"\n      srcset=\"http:\/\/83.143.220.118\/~keto\/wp-content\/uploads\/2025\/08\/22e3cf20d933e94a9f0ea6c330bc4079af830353.jpg 1920w, http:\/\/83.143.220.118\/~keto\/wp-content\/uploads\/2025\/08\/22e3cf20d933e94a9f0ea6c330bc4079af830353-300x169.jpg 300w, http:\/\/83.143.220.118\/~keto\/wp-content\/uploads\/2025\/08\/22e3cf20d933e94a9f0ea6c330bc4079af830353-1024x576.jpg 1024w, http:\/\/83.143.220.118\/~keto\/wp-content\/uploads\/2025\/08\/22e3cf20d933e94a9f0ea6c330bc4079af830353-768x432.jpg 768w, http:\/\/83.143.220.118\/~keto\/wp-content\/uploads\/2025\/08\/22e3cf20d933e94a9f0ea6c330bc4079af830353-1536x864.jpg 1536w, http:\/\/83.143.220.118\/~keto\/wp-content\/uploads\/2025\/08\/22e3cf20d933e94a9f0ea6c330bc4079af830353-480x270.jpg 480w, http:\/\/83.143.220.118\/~keto\/wp-content\/uploads\/2025\/08\/22e3cf20d933e94a9f0ea6c330bc4079af830353-1440x810.jpg 1440w\"\n      sizes=\"100vw\">\n\n    \n    <img decoding=\"async\"\n      src=\"http:\/\/83.143.220.118\/~keto\/wp-content\/uploads\/2025\/08\/22e3cf20d933e94a9f0ea6c330bc4079af830353.jpg\"\n      srcset=\"http:\/\/83.143.220.118\/~keto\/wp-content\/uploads\/2025\/08\/22e3cf20d933e94a9f0ea6c330bc4079af830353.jpg 1920w, http:\/\/83.143.220.118\/~keto\/wp-content\/uploads\/2025\/08\/22e3cf20d933e94a9f0ea6c330bc4079af830353-300x169.jpg 300w, http:\/\/83.143.220.118\/~keto\/wp-content\/uploads\/2025\/08\/22e3cf20d933e94a9f0ea6c330bc4079af830353-1024x576.jpg 1024w, http:\/\/83.143.220.118\/~keto\/wp-content\/uploads\/2025\/08\/22e3cf20d933e94a9f0ea6c330bc4079af830353-768x432.jpg 768w, http:\/\/83.143.220.118\/~keto\/wp-content\/uploads\/2025\/08\/22e3cf20d933e94a9f0ea6c330bc4079af830353-1536x864.jpg 1536w, http:\/\/83.143.220.118\/~keto\/wp-content\/uploads\/2025\/08\/22e3cf20d933e94a9f0ea6c330bc4079af830353-480x270.jpg 480w, http:\/\/83.143.220.118\/~keto\/wp-content\/uploads\/2025\/08\/22e3cf20d933e94a9f0ea6c330bc4079af830353-1440x810.jpg 1440w\"\n      sizes=\"100vw\"\n      alt=\"account executive germany\" loading=\"eager\" fetchpriority=\"high\">\n  <\/picture>\n  \n\t\t\n\t\t<div class=\"hero-content position-relative\">\n\t\t\t<div class=\"container\">\n\t\t\t\t<div class=\"row\">\n\t\t\t\t\t<div class=\"col-11 col-lg-5 col-md-9\">\n\t\t\t\t\t\t<h1 class=\"heading\">\n\t\t\t\t\t\t\tOur story\t\t\t\t\t\t<\/h1>\n\t\t\t\t\t\t<p class=\"hero-lead-paragraph\">\n\t\t\t\t\t\t\t\t\t\t\t\t\t<\/p>\n\t\t\t\t\t<\/div>\n\t\t\t\t<\/div>\n\t\t\t<\/div>\n\t\t<\/div>\t\n\t\t\n\t\t\t\n\t\t\n\t\t\t<\/div>\n<\/section>\n\n\n\n<section class=\"text-section white-logo-replace\">\n\t<div class=\"container\">\n\t\t<div class=\"row  justify-content-center\">\n\t\t\t<div class=\"col-12 col-md-10 col-lg-8 col-xl-7\">\n\t\t\t\t<p>Keto means &#8216;meadow&#8217; in Finnish &#8211; a place where different things grow together in balance. Like a meadow, your portfolio needs solid ground and space to adapt. Our platform offers exactly that: a clear view of what&#8217;s in motion and a steady base to move from, even as goals shift.<\/p>\n\t\t\t<\/div>\n\t\t<\/div>\n\t<\/div>\n<\/section>\n\n\n\n<section class=\"quote-section white-logo-replace\">\n\t<div class=\"container\">\n\t\t<div class=\"row  justify-content-center\">\n\t\t\t<div class=\"col-12 col-md-10 col-lg-8 col-xl-7\">\n\t\t\t\t<div class=\"quote-text\">\n\t\t\t\t\t<blockquote>\n\t\t\t\t\t\t<span class=\"start-quote\">\u201c<\/span>Openness and AI together give us something powerful: clarity in complexity, stronger cultures, and progress that lasts.\u201d\n\t\t\t\t\t<\/blockquote>\n\t\t\t\t<div class=\"quote-author\">\n\t\t\t\t\t<span class=\"quote-name body-small\">\n\t\t\t\t\t\tVeijo Hytti\t\t\t\t\t<\/span>\n\t\t\t\t\t\n\t\t\t\t\t<span class=\"quote-position body-small\">\n\t\t\t\t\t\tCEO\t\t\t\t\t<\/span>\n\t\t\t\t<\/div>\n\t\t\t\t\t\t\t\t\t\t<div class=\"quote-image\">\n\t\t\t\t\t\t\t<img decoding=\"async\" src=\"http:\/\/83.143.220.118\/~keto\/wp-content\/uploads\/2025\/09\/veijo_hytti-150x150.jpg\" alt=\"Veijo Hytti\">\t\n\t\t\t\t\t\t<\/div>\t\t\t\n\t\t\t\t\t\t\t\t\t<\/div>\n\n\t\t\t<\/div>\n\t\t<\/div>\n\t<\/div>\n<\/section>\n\t\t\n\n<section class=\"text-section white-logo-replace\">\n\t<div class=\"container\">\n\t\t<div class=\"row  justify-content-center\">\n\t\t\t<div class=\"col-12 col-md-10 col-lg-8 col-xl-7\">\n\t\t\t\t<p>We&#8217;re rooted in Nordic clarity: simple, intuitive design that puts people first. This goes beyond the software we make &#8211; it&#8217;s a mindset that brings visibility, alignment, and purpose to all our decisions.<\/p>\n<p>We are present, useful, and responsive. This helps us build lasting partnerships with leaders who manage transformation in the most complex environments.<\/p>\n<p>We&#8217;re stable, but we never stand still. In a world in constant flux, Keto offers a grounded approach to strategic momentum &#8211; clear, confident, and built to last.<\/p>\n\t\t\t<\/div>\n\t\t<\/div>\n\t<\/div>\n<\/section>\n\n\n\n<section class=\"video-section\">\n\n\t<div class=\"video-image-wrapper\">\n\t\t<img width=\"2560\" height=\"1229\" src=\"http:\/\/83.143.220.118\/~keto\/wp-content\/uploads\/2025\/09\/DSC03500LR-tz.jpeg\" class=\"\" alt=\"\" sizes=\"auto, (min-width:320px) calc(1280px * 1), 100vw\" loading=\"lazy\" fetchpriority=\"\" decoding=\"async\" srcset=\"http:\/\/83.143.220.118\/~keto\/wp-content\/uploads\/2025\/09\/DSC03500LR-tz.jpeg 2560w, http:\/\/83.143.220.118\/~keto\/wp-content\/uploads\/2025\/09\/DSC03500LR-tz-300x144.jpeg 300w, http:\/\/83.143.220.118\/~keto\/wp-content\/uploads\/2025\/09\/DSC03500LR-tz-1024x492.jpeg 1024w, http:\/\/83.143.220.118\/~keto\/wp-content\/uploads\/2025\/09\/DSC03500LR-tz-768x369.jpeg 768w, http:\/\/83.143.220.118\/~keto\/wp-content\/uploads\/2025\/09\/DSC03500LR-tz-1536x737.jpeg 1536w, http:\/\/83.143.220.118\/~keto\/wp-content\/uploads\/2025\/09\/DSC03500LR-tz-2048x983.jpeg 2048w, http:\/\/83.143.220.118\/~keto\/wp-content\/uploads\/2025\/09\/DSC03500LR-tz-480x230.jpeg 480w, http:\/\/83.143.220.118\/~keto\/wp-content\/uploads\/2025\/09\/DSC03500LR-tz-1440x691.jpeg 1440w, http:\/\/83.143.220.118\/~keto\/wp-content\/uploads\/2025\/09\/DSC03500LR-tz-1920x922.jpeg 1920w\" \/>\t\t\t<\/div>\n\t\t\n<\/section>\n\n<section class=\"text-section white-logo-replace\">\n\t<div class=\"container\">\n\t\t<div class=\"row  justify-content-center\">\n\t\t\t<div class=\"col-12 col-md-10 col-lg-8 col-xl-7\">\n\t\t\t\t<h3>Made in Finland for humans<\/h3>\n<p>Our culture is built on transparency and integrity &#8211; it&#8217;s the Nordic way. We believe trust should be earned through actions, which means designing for how people really think and work, and building collaboration into every process. By challenging convention and taking the time to build things right, we build momentum and help teams move forward with confidence.<\/p>\n\t\t\t<\/div>\n\t\t<\/div>\n\t<\/div>\n<\/section>\n\n\n\n\n\n<section class=\"staff-slider-section slider-section white-logo-replace\">\n\t<div class=\"container\">\n\t\t<div class=\"row justify-content-center\">\n\t\t\t<div class=\"col-12 col-lg-8\">\n\t\t\t\t<span class=\"subhead-small\">\n\t\t\t\t\tMeet our team\t\t\t\t<\/span>\n\t\t\t<\/div>\n\t\t\t\n\t\t<\/div>\n\t\t\t\n\t<\/div>\n\t<div class=\"container-fluid m-0\">\n\t\t<div class=\"blur-area-horizontal blur-area-right\"><\/div>\n\n\t\t<div class=\"swiper staff-slider\">\n\t\t\t<div class=\"swiper-wrapper\">\n\t\t\t\t\n\t\t\t\t\t\t\t\t\t\t\t\t\t\n\t\t\t\t\t<div class=\"swiper-slide\">\n\t\t\t\t\t\t<div class=\"staff-item\">\n\t\t\t\t\t\t\t\t\t\t\t\t\t<div class=\"staff-cover shadow\">\n\t\t\t\t\t\t\t\t\t\t\t\t\t\t\t\t\t<a href=\"https:\/\/www.linkedin.com\/in\/veijo\/\"\n\t\t\t\t\t\t\t\t\t   target=\"_blank\"\n\t\t\t\t\t\t\t\t\t   rel=\"noopener noreferrer\"\n\t\t\t\t\t\t\t\t\t   aria-label=\"Veijo Hytti \u2013 LinkedIn (opens in new tab)\">\n\t\t\t\t\t\t\t\t\t\t\t\t\t\t\t\t<img width=\"616\" height=\"800\" src=\"http:\/\/83.143.220.118\/~keto\/wp-content\/uploads\/2025\/09\/veijo33.jpg\" class=\"\" alt=\"Veijo Hytti\" sizes=\"auto, (min-width:1200px) calc(1280px * 0.25), 100vw\" loading=\"lazy\" fetchpriority=\"\" decoding=\"async\" srcset=\"http:\/\/83.143.220.118\/~keto\/wp-content\/uploads\/2025\/09\/veijo33.jpg 616w, http:\/\/83.143.220.118\/~keto\/wp-content\/uploads\/2025\/09\/veijo33-231x300.jpg 231w, http:\/\/83.143.220.118\/~keto\/wp-content\/uploads\/2025\/09\/veijo33-480x623.jpg 480w\" \/>\t\t\n\t\t\t\t\t\t\t\t\t\t\t\t\t\t\t\t\t<\/a>\n\t\t\t\t\t\t\t\t\t\t\t\t\t\t\t<\/div>\n\t\t\t\t\t\t\t\n\t\t\t\t\t\t<\/div>\n\t\t\t\t\t\t<div class=\"staff-name\" aria-hidden=\"true\">\n\t\t\t\t\t\t\t<span class=\"first-name\">\n\t\t\t\t\t\t\t\tVeijo\t\t\t\t\t\t\t<\/span>\n\t\t\t\t\t\t\t<span class=\"last-name\">\n\t\t\t\t\t\t\t\tHytti\t\t\t\t\t\t\t<\/span>\n\t\t\t\t\t\t\t<span class=\"position\">\n\t\t\t\t\t\t\t\tCEO\t\t\t\t\t\t\t<\/span>\n\t\t\t\t\t\t<\/div>\n\t\t\t\t\t<\/div>\t\t\t\t\n\t\t\t\t\n\t\t\t\t\t\t\t\t\t\t\t\t\n\t\t\t\t\t<div class=\"swiper-slide\">\n\t\t\t\t\t\t<div class=\"staff-item\">\n\t\t\t\t\t\t\t\t\t\t\t\t\t<div class=\"staff-cover shadow\">\n\t\t\t\t\t\t\t\t\t\t\t\t\t\t\t\t\t<a href=\"https:\/\/www.linkedin.com\/in\/markus-halonen\/\"\n\t\t\t\t\t\t\t\t\t   target=\"_blank\"\n\t\t\t\t\t\t\t\t\t   rel=\"noopener noreferrer\"\n\t\t\t\t\t\t\t\t\t   aria-label=\"Markus Halonen \u2013 LinkedIn (opens in new tab)\">\n\t\t\t\t\t\t\t\t\t\t\t\t\t\t\t\t<img width=\"616\" height=\"800\" src=\"http:\/\/83.143.220.118\/~keto\/wp-content\/uploads\/2025\/09\/markus_halonen-1.jpg\" class=\"\" alt=\"Markus Halonen\" sizes=\"auto, (min-width:1200px) calc(1280px * 0.25), 100vw\" loading=\"lazy\" fetchpriority=\"\" decoding=\"async\" srcset=\"http:\/\/83.143.220.118\/~keto\/wp-content\/uploads\/2025\/09\/markus_halonen-1.jpg 616w, http:\/\/83.143.220.118\/~keto\/wp-content\/uploads\/2025\/09\/markus_halonen-1-231x300.jpg 231w, http:\/\/83.143.220.118\/~keto\/wp-content\/uploads\/2025\/09\/markus_halonen-1-480x623.jpg 480w\" \/>\t\t\n\t\t\t\t\t\t\t\t\t\t\t\t\t\t\t\t\t<\/a>\n\t\t\t\t\t\t\t\t\t\t\t\t\t\t\t<\/div>\n\t\t\t\t\t\t\t\n\t\t\t\t\t\t<\/div>\n\t\t\t\t\t\t<div class=\"staff-name\" aria-hidden=\"true\">\n\t\t\t\t\t\t\t<span class=\"first-name\">\n\t\t\t\t\t\t\t\tMarkus\t\t\t\t\t\t\t<\/span>\n\t\t\t\t\t\t\t<span class=\"last-name\">\n\t\t\t\t\t\t\t\tHalonen\t\t\t\t\t\t\t<\/span>\n\t\t\t\t\t\t\t<span class=\"position\">\n\t\t\t\t\t\t\t\tCOO\t\t\t\t\t\t\t<\/span>\n\t\t\t\t\t\t<\/div>\n\t\t\t\t\t<\/div>\t\t\t\t\n\t\t\t\t\n\t\t\t\t\t\t\t\t\t\t\t\t\n\t\t\t\t\t<div class=\"swiper-slide\">\n\t\t\t\t\t\t<div class=\"staff-item\">\n\t\t\t\t\t\t\t\t\t\t\t\t\t<div class=\"staff-cover shadow\">\n\t\t\t\t\t\t\t\t\t\t\t\t\t\t\t\t\t<a href=\"https:\/\/www.linkedin.com\/in\/benjamin-sarkka\/\"\n\t\t\t\t\t\t\t\t\t   target=\"_blank\"\n\t\t\t\t\t\t\t\t\t   rel=\"noopener noreferrer\"\n\t\t\t\t\t\t\t\t\t   aria-label=\"Benjamin S\u00e4rkk\u00e4 \u2013 LinkedIn (opens in new tab)\">\n\t\t\t\t\t\t\t\t\t\t\t\t\t\t\t\t<img width=\"616\" height=\"800\" src=\"http:\/\/83.143.220.118\/~keto\/wp-content\/uploads\/2025\/09\/ben333.jpg\" class=\"\" alt=\"Benjamin S\u00e4rkk\u00e4\" sizes=\"auto, (min-width:1200px) calc(1280px * 0.25), 100vw\" loading=\"lazy\" fetchpriority=\"\" decoding=\"async\" srcset=\"http:\/\/83.143.220.118\/~keto\/wp-content\/uploads\/2025\/09\/ben333.jpg 616w, http:\/\/83.143.220.118\/~keto\/wp-content\/uploads\/2025\/09\/ben333-231x300.jpg 231w, http:\/\/83.143.220.118\/~keto\/wp-content\/uploads\/2025\/09\/ben333-480x623.jpg 480w\" \/>\t\t\n\t\t\t\t\t\t\t\t\t\t\t\t\t\t\t\t\t<\/a>\n\t\t\t\t\t\t\t\t\t\t\t\t\t\t\t<\/div>\n\t\t\t\t\t\t\t\n\t\t\t\t\t\t<\/div>\n\t\t\t\t\t\t<div class=\"staff-name\" aria-hidden=\"true\">\n\t\t\t\t\t\t\t<span class=\"first-name\">\n\t\t\t\t\t\t\t\tBenjamin\t\t\t\t\t\t\t<\/span>\n\t\t\t\t\t\t\t<span class=\"last-name\">\n\t\t\t\t\t\t\t\tS\u00e4rkk\u00e4\t\t\t\t\t\t\t<\/span>\n\t\t\t\t\t\t\t<span class=\"position\">\n\t\t\t\t\t\t\t\tCTO\t\t\t\t\t\t\t<\/span>\n\t\t\t\t\t\t<\/div>\n\t\t\t\t\t<\/div>\t\t\t\t\n\t\t\t\t\n\t\t\t\t\t\t\t\t\t\t\t\t\n\t\t\t\t\t<div class=\"swiper-slide\">\n\t\t\t\t\t\t<div class=\"staff-item\">\n\t\t\t\t\t\t\t\t\t\t\t\t\t<div class=\"staff-cover shadow\">\n\t\t\t\t\t\t\t\t\t\t\t\t\t\t\t\t\t<a href=\"https:\/\/www.linkedin.com\/in\/stephaniemcswiney\/\"\n\t\t\t\t\t\t\t\t\t   target=\"_blank\"\n\t\t\t\t\t\t\t\t\t   rel=\"noopener noreferrer\"\n\t\t\t\t\t\t\t\t\t   aria-label=\"Stephanie McSwiney \u2013 LinkedIn (opens in new tab)\">\n\t\t\t\t\t\t\t\t\t\t\t\t\t\t\t\t<img width=\"616\" height=\"800\" src=\"http:\/\/83.143.220.118\/~keto\/wp-content\/uploads\/2025\/09\/steph91.jpg\" class=\"\" alt=\"Stephanie McSwiney\" sizes=\"auto, (min-width:1200px) calc(1280px * 0.25), 100vw\" loading=\"lazy\" fetchpriority=\"\" decoding=\"async\" srcset=\"http:\/\/83.143.220.118\/~keto\/wp-content\/uploads\/2025\/09\/steph91.jpg 616w, http:\/\/83.143.220.118\/~keto\/wp-content\/uploads\/2025\/09\/steph91-231x300.jpg 231w, http:\/\/83.143.220.118\/~keto\/wp-content\/uploads\/2025\/09\/steph91-480x623.jpg 480w\" \/>\t\t\n\t\t\t\t\t\t\t\t\t\t\t\t\t\t\t\t\t<\/a>\n\t\t\t\t\t\t\t\t\t\t\t\t\t\t\t<\/div>\n\t\t\t\t\t\t\t\n\t\t\t\t\t\t<\/div>\n\t\t\t\t\t\t<div class=\"staff-name\" aria-hidden=\"true\">\n\t\t\t\t\t\t\t<span class=\"first-name\">\n\t\t\t\t\t\t\t\tStephanie\t\t\t\t\t\t\t<\/span>\n\t\t\t\t\t\t\t<span class=\"last-name\">\n\t\t\t\t\t\t\t\tMcSwiney\t\t\t\t\t\t\t<\/span>\n\t\t\t\t\t\t\t<span class=\"position\">\n\t\t\t\t\t\t\t\tCRO\t\t\t\t\t\t\t<\/span>\n\t\t\t\t\t\t<\/div>\n\t\t\t\t\t<\/div>\t\t\t\t\n\t\t\t\t\n\t\t\t\t\t\t\t\t\t\t\t\t\n\t\t\t\t\t<div class=\"swiper-slide\">\n\t\t\t\t\t\t<div class=\"staff-item\">\n\t\t\t\t\t\t\t\t\t\t\t\t\t<div class=\"staff-cover shadow\">\n\t\t\t\t\t\t\t\t\t\t\t\t\t\t\t\t\t<a href=\"https:\/\/www.linkedin.com\/in\/marjo-reettapajari\/\"\n\t\t\t\t\t\t\t\t\t   target=\"_blank\"\n\t\t\t\t\t\t\t\t\t   rel=\"noopener noreferrer\"\n\t\t\t\t\t\t\t\t\t   aria-label=\"Marjo-Reetta Pajari \u2013 LinkedIn (opens in new tab)\">\n\t\t\t\t\t\t\t\t\t\t\t\t\t\t\t\t<img width=\"616\" height=\"800\" src=\"http:\/\/83.143.220.118\/~keto\/wp-content\/uploads\/2025\/09\/marjo_reetta_pajari.jpg\" class=\"\" alt=\"Marjo-Reetta Pajari\" sizes=\"auto, (min-width:1200px) calc(1280px * 0.25), 100vw\" loading=\"lazy\" fetchpriority=\"\" decoding=\"async\" srcset=\"http:\/\/83.143.220.118\/~keto\/wp-content\/uploads\/2025\/09\/marjo_reetta_pajari.jpg 616w, http:\/\/83.143.220.118\/~keto\/wp-content\/uploads\/2025\/09\/marjo_reetta_pajari-231x300.jpg 231w, http:\/\/83.143.220.118\/~keto\/wp-content\/uploads\/2025\/09\/marjo_reetta_pajari-480x623.jpg 480w\" \/>\t\t\n\t\t\t\t\t\t\t\t\t\t\t\t\t\t\t\t\t<\/a>\n\t\t\t\t\t\t\t\t\t\t\t\t\t\t\t<\/div>\n\t\t\t\t\t\t\t\n\t\t\t\t\t\t<\/div>\n\t\t\t\t\t\t<div class=\"staff-name\" aria-hidden=\"true\">\n\t\t\t\t\t\t\t<span class=\"first-name\">\n\t\t\t\t\t\t\t\tMarjo-Reetta\t\t\t\t\t\t\t<\/span>\n\t\t\t\t\t\t\t<span class=\"last-name\">\n\t\t\t\t\t\t\t\tPajari\t\t\t\t\t\t\t<\/span>\n\t\t\t\t\t\t\t<span class=\"position\">\n\t\t\t\t\t\t\t\tCFO\t\t\t\t\t\t\t<\/span>\n\t\t\t\t\t\t<\/div>\n\t\t\t\t\t<\/div>\t\t\t\t\n\t\t\t\t\n\t\t\t\t\t\t\t\t\t\t\t\t\n\t\t\t\t\t<div class=\"swiper-slide\">\n\t\t\t\t\t\t<div class=\"staff-item\">\n\t\t\t\t\t\t\t\t\t\t\t\t\t<div class=\"staff-cover shadow\">\n\t\t\t\t\t\t\t\t\t\t\t\t\t\t\t\t\t<a href=\"https:\/\/www.linkedin.com\/in\/jarikuitunen\/\"\n\t\t\t\t\t\t\t\t\t   target=\"_blank\"\n\t\t\t\t\t\t\t\t\t   rel=\"noopener noreferrer\"\n\t\t\t\t\t\t\t\t\t   aria-label=\"Jari Kuitunen \u2013 LinkedIn (opens in new tab)\">\n\t\t\t\t\t\t\t\t\t\t\t\t\t\t\t\t<img width=\"616\" height=\"800\" src=\"http:\/\/83.143.220.118\/~keto\/wp-content\/uploads\/2025\/09\/jari.jpg\" class=\"\" alt=\"Jari Kuitunen\" sizes=\"auto, (min-width:1200px) calc(1280px * 0.25), 100vw\" loading=\"lazy\" fetchpriority=\"\" decoding=\"async\" srcset=\"http:\/\/83.143.220.118\/~keto\/wp-content\/uploads\/2025\/09\/jari.jpg 616w, http:\/\/83.143.220.118\/~keto\/wp-content\/uploads\/2025\/09\/jari-231x300.jpg 231w, http:\/\/83.143.220.118\/~keto\/wp-content\/uploads\/2025\/09\/jari-480x623.jpg 480w\" \/>\t\t\n\t\t\t\t\t\t\t\t\t\t\t\t\t\t\t\t\t<\/a>\n\t\t\t\t\t\t\t\t\t\t\t\t\t\t\t<\/div>\n\t\t\t\t\t\t\t\n\t\t\t\t\t\t<\/div>\n\t\t\t\t\t\t<div class=\"staff-name\" aria-hidden=\"true\">\n\t\t\t\t\t\t\t<span class=\"first-name\">\n\t\t\t\t\t\t\t\tJari\t\t\t\t\t\t\t<\/span>\n\t\t\t\t\t\t\t<span class=\"last-name\">\n\t\t\t\t\t\t\t\tKuitunen\t\t\t\t\t\t\t<\/span>\n\t\t\t\t\t\t\t<span class=\"position\">\n\t\t\t\t\t\t\t\tCCO\t\t\t\t\t\t\t<\/span>\n\t\t\t\t\t\t<\/div>\n\t\t\t\t\t<\/div>\t\t\t\t\n\t\t\t\t\n\t\t\t\t\t\t\t\t\t\t\t\t\n\t\t\t\t\t<div class=\"swiper-slide\">\n\t\t\t\t\t\t<div class=\"staff-item\">\n\t\t\t\t\t\t\t\t\t\t\t\t\t<div class=\"staff-cover shadow\">\n\t\t\t\t\t\t\t\t\t\t\t\t\t\t\t\t\t\t\n\t\t\t\t\t\t\t\t\t\t\t\t\t\t\t<\/div>\n\t\t\t\t\t\t\t\n\t\t\t\t\t\t<\/div>\n\t\t\t\t\t\t<div class=\"staff-name\" aria-hidden=\"true\">\n\t\t\t\t\t\t\t<span class=\"first-name\">\n\t\t\t\t\t\t\t\t\t\t\t\t\t\t\t<\/span>\n\t\t\t\t\t\t\t<span class=\"last-name\">\n\t\t\t\t\t\t\t\t\t\t\t\t\t\t\t<\/span>\n\t\t\t\t\t\t\t<span class=\"position\">\n\t\t\t\t\t\t\t\t\t\t\t\t\t\t\t<\/span>\n\t\t\t\t\t\t<\/div>\n\t\t\t\t\t<\/div>\t\t\t\t\n\t\t\t\t\n\t\t\t\t\t\t\t\t\t\t\t\t\n\t\t\n\n\t\t\t<\/div><!--swiper-wrapper-->\n\t\t\t<div class=\"staff-swiper-arrows\">\n\t\t\t\t<div class=\"swiper-button-wrapper\">\n\t\t\t\t\t<div class=\"swiper-prev\"><\/div>\n\t\t\t\t<\/div>\n\t\t\t\t<div class=\"swiper-button-wrapper\">\n\t\t\t\t\t<div class=\"swiper-next\"><\/div>\n\t\t\t\t<\/div>\n\t\t\t<\/div>\n\t\t  <\/div><!--swiper-->\t\t\n\t<\/div><!--container-->\n<\/section>\n\n<script>\n  (function () {\n\tconst sliderSel = '.staff-slider';           \/\/ sinun karuselli\n\tconst mq = window.matchMedia('(min-width: 768px)');\n\tlet staffSwiper = null;\n\n\tfunction initSwiper() {\n\t  if (staffSwiper) return;\n\t  staffSwiper = new Swiper(sliderSel, {\n\t\tnavigation: { nextEl: '.swiper-next', prevEl: '.swiper-prev' },\n\t\tspaceBetween: 20,\n\t\tdirection: \"horizontal\",\n\t\tfreeMode: true,\n\t\tmousewheel: true,\n\n\t\t\n\t\tmousewheel: {\n\t\t\tforceToAxis: true,   \/\/ ottaa huomioon vain sen akselin jota swiper k\u00e4ytt\u00e4\u00e4\n\t\t\treleaseOnEdges: true \/\/ kun ollaan sliderin alussa\/lopussa, anna sivun scrollata\n\t\t  },\n\n\t\tbreakpoints: {\n\t\t\t1600: { slidesPerView: 5.5, spaceBetween: 30 },\n\t\t\t1440: { slidesPerView: 4.5, spaceBetween: 30 },\n\t\t\t1280: { slidesPerView: 4.5, spaceBetween: 30 },\n\t\t\t900: { slidesPerView: 4.5, spaceBetween: 20 },\n\t\t\t768: { slidesPerView: 3.5, spaceBetween: 20 }\n\n\t\t}\n\t  });\n\t  document.querySelector(sliderSel)?.classList.add('is-swiper');\n\t}\n\n\tfunction destroySwiper() {\n\t  if (!staffSwiper) return;\n\t  \/\/ Poistaa eventit + Swiperin injektoimat tyylit\n\t  staffSwiper.destroy(true, true);\n\t  staffSwiper = null;\n\t  document.querySelector(sliderSel)?.classList.remove('is-swiper');\n\t}\n\n\tfunction toggleSwiper(e) {\n\t  if (e.matches) initSwiper();   \/\/ \u2265768px\n\t  else destroySwiper();          \/\/ <768px\n\t}\n\n\t\/\/ init\n\tdocument.addEventListener('DOMContentLoaded', function () {\n\t  toggleSwiper(mq);\n\t  \/\/ selaimen tuki molemmille\n\t  (mq.addEventListener ? mq.addEventListener('change', toggleSwiper)\n\t\t\t\t\t\t   : mq.addListener(toggleSwiper));\n\t});\n  })();\n<\/script>\n\n<section class=\"careers-section accordion-section white-logo-replace\"\">\n\t<div class=\"container\">\n\t\t<div class=\"row flex-md-row justify-content-center justify-content-md-between\">\n\t\t\t<div class=\"col-md-5 col-lg-5 col-sm-12 col-10 align-content-center\">\n\t\t\t\t<h2>\n\t\t\t\t\tCareers at Keto\t\t\t\t<\/h2>\n\t\t\t\t<div class=\"career-description\">\n\t\t\t\t\t<p>Our people have the drive to simplify complex problems and the focus to nail the details. If you value thoughtful problem-solving over quick fixes and believe technology should adapt to how we live and work, let\u2019s talk.<\/p>\n<p>Send an open application to\u00a0<a href=\"mailto:jobs@ketosoftware.com\">jobs@ketosoftware.com<\/a>\u00a0and follow our <a href=\"https:\/\/www.linkedin.com\/company\/keto-software\" target=\"_blank\" rel=\"noopener\">LinkedIn<\/a> page for updates.<\/p>\n\n\t\t\t\t<\/div>\n\t\t\t\t\n\t\t\t<\/div>\n\t\t\t<div class=\"col-12 col-md-6\">\n\t\t\t\t<div class=\"career-image-wrapper\">\n\t\t\t\t\t<img width=\"2560\" height=\"1707\" src=\"http:\/\/83.143.220.118\/~keto\/wp-content\/uploads\/2025\/08\/ketosoftware_safe.jpg\" class=\"career-image\" alt=\"The best PPM Software\" sizes=\"auto, (min-width:1200px) calc(1280px * 0.50), 100vw\" loading=\"lazy\" fetchpriority=\"\" decoding=\"async\" srcset=\"http:\/\/83.143.220.118\/~keto\/wp-content\/uploads\/2025\/08\/ketosoftware_safe.jpg 2560w, http:\/\/83.143.220.118\/~keto\/wp-content\/uploads\/2025\/08\/ketosoftware_safe-300x200.jpg 300w, http:\/\/83.143.220.118\/~keto\/wp-content\/uploads\/2025\/08\/ketosoftware_safe-1024x683.jpg 1024w, http:\/\/83.143.220.118\/~keto\/wp-content\/uploads\/2025\/08\/ketosoftware_safe-768x512.jpg 768w, http:\/\/83.143.220.118\/~keto\/wp-content\/uploads\/2025\/08\/ketosoftware_safe-1536x1024.jpg 1536w, http:\/\/83.143.220.118\/~keto\/wp-content\/uploads\/2025\/08\/ketosoftware_safe-2048x1366.jpg 2048w, http:\/\/83.143.220.118\/~keto\/wp-content\/uploads\/2025\/08\/ketosoftware_safe-480x320.jpg 480w, http:\/\/83.143.220.118\/~keto\/wp-content\/uploads\/2025\/08\/ketosoftware_safe-1440x960.jpg 1440w, http:\/\/83.143.220.118\/~keto\/wp-content\/uploads\/2025\/08\/ketosoftware_safe-1920x1280.jpg 1920w\" \/>\t\n\t\t\t\t\t\n\t\t\t\t<\/div>\n\t\t\t<\/div>\n\t\t<\/div>\n\t\t<div class=\"row\">\n\t\t\t<div class=\"col-12\">\n\t\t\t\n\t\t\t\t\t\t\t\n\n\n\t\t\t<\/div>\n\t\t<\/div>\t\t\n\t<\/div><!--container-->\n<\/section>\n\n\n\n<section class=\"partnership-section white-logo-replace dark-grey-bg\">\n\t<div class=\"container\">\n\t\t<div class=\"row\">\n\t\t\t<div class=\"col-12 col-lg-8\">\n\t\t\t\t<div class=\"partnership-content\">\n\t\t\t\t\t<div class=\"partnership-header\">\n\t\t\t\t\t\t<h2>Partnership<\/h2>\n\t\t\t\t\t<\/div>\n\t\t\t\t\t\n\t\t\t\t\t<div class=\"partnership-footer\">\n\t\t\t\t\t\t<div class=\"row\">\n\t\t\t\t\t\t\t<div class=\"col-12 col-md-9\">\n\t\t\t\t\t\t\t\t<p>\n\t\t\t\t\t\t\t\tWe believe in strategic partnerships rooted in trust and clarity. Our Partner Programme is designed to support growth - yours and your customers. Whether you're advising, implementing, or innovating, we\u2019ll help you move with momentum.\t\t\t\t\t\t\t\t<\/p>\n\t\t\t\t\t\t\t\t<div>\n\t\t\t\t\t\t\t\t\t\t\t\t\t\t\t\t\t<a class=\"p-link button\" href=\"http:\/\/83.143.220.118\/~keto\/partnership\/\" target=\"_self\">Ready to collaborate?<\/a>\n\t\t\t\t\t\t\t\t\t\t\t\t\t\t\t\t<\/div>\n\t\t\t\t\t\t\t<\/div>\n\t\t\t\t\t\t\n\t\t\t\t\t\t\n\t\t\t\t\t\t<\/div>\n\t\t\t\t\t<\/div>\n\n\t\t\t\t<\/div>\n\t\t\t<\/div>\n\t\t\t<div class=\"col-12 col-lg-4 d-lg-block d-none\">\n\t\t\t\t<div class=\"partnership-link\">\n\t\t\t\t\t<img width=\"1920\" height=\"1080\" src=\"http:\/\/83.143.220.118\/~keto\/wp-content\/uploads\/2025\/08\/22e3cf20d933e94a9f0ea6c330bc4079af830353.jpg\" class=\"\" alt=\"account executive germany\" sizes=\"auto, (min-width:320px) calc(1280px * 1), 100vw\" loading=\"lazy\" fetchpriority=\"\" decoding=\"async\" srcset=\"http:\/\/83.143.220.118\/~keto\/wp-content\/uploads\/2025\/08\/22e3cf20d933e94a9f0ea6c330bc4079af830353.jpg 1920w, http:\/\/83.143.220.118\/~keto\/wp-content\/uploads\/2025\/08\/22e3cf20d933e94a9f0ea6c330bc4079af830353-300x169.jpg 300w, http:\/\/83.143.220.118\/~keto\/wp-content\/uploads\/2025\/08\/22e3cf20d933e94a9f0ea6c330bc4079af830353-1024x576.jpg 1024w, http:\/\/83.143.220.118\/~keto\/wp-content\/uploads\/2025\/08\/22e3cf20d933e94a9f0ea6c330bc4079af830353-768x432.jpg 768w, http:\/\/83.143.220.118\/~keto\/wp-content\/uploads\/2025\/08\/22e3cf20d933e94a9f0ea6c330bc4079af830353-1536x864.jpg 1536w, http:\/\/83.143.220.118\/~keto\/wp-content\/uploads\/2025\/08\/22e3cf20d933e94a9f0ea6c330bc4079af830353-480x270.jpg 480w, http:\/\/83.143.220.118\/~keto\/wp-content\/uploads\/2025\/08\/22e3cf20d933e94a9f0ea6c330bc4079af830353-1440x810.jpg 1440w\" \/>\t\t\t\n\t\t\t\t<\/div>\n\t\t\t<\/div>\n\t\t<\/div>\n\t<\/div>\n<\/section>","protected":false},"excerpt":{"rendered":"","protected":false},"author":1,"featured_media":0,"parent":0,"menu_order":0,"comment_status":"closed","ping_status":"closed","template":"","meta":{"_acf_changed":false,"content-type":"","footnotes":""},"class_list":["post-15","page","type-page","status-publish","hentry"],"acf":[],"_links":{"self":[{"href":"http:\/\/83.143.220.118\/~keto\/wp-json\/wp\/v2\/pages\/15","targetHints":{"allow":["GET"]}}],"collection":[{"href":"http:\/\/83.143.220.118\/~keto\/wp-json\/wp\/v2\/pages"}],"about":[{"href":"http:\/\/83.143.220.118\/~keto\/wp-json\/wp\/v2\/types\/page"}],"author":[{"embeddable":true,"href":"http:\/\/83.143.220.118\/~keto\/wp-json\/wp\/v2\/users\/1"}],"replies":[{"embeddable":true,"href":"http:\/\/83.143.220.118\/~keto\/wp-json\/wp\/v2\/comments?post=15"}],"version-history":[{"count":79,"href":"http:\/\/83.143.220.118\/~keto\/wp-json\/wp\/v2\/pages\/15\/revisions"}],"predecessor-version":[{"id":1197,"href":"http:\/\/83.143.220.118\/~keto\/wp-json\/wp\/v2\/pages\/15\/revisions\/1197"}],"wp:attachment":[{"href":"http:\/\/83.143.220.118\/~keto\/wp-json\/wp\/v2\/media?parent=15"}],"curies":[{"name":"wp","href":"https:\/\/api.w.org\/{rel}","templated":true}]}}